{"id":22,"date":"2020-03-09T18:05:23","date_gmt":"2020-03-09T18:05:23","guid":{"rendered":"http:\/\/exclusivasescobar.com\/?page_id=22"},"modified":"2023-11-02T15:54:06","modified_gmt":"2023-11-02T15:54:06","slug":"servicios","status":"publish","type":"page","link":"https:\/\/exclusivasescobar.com\/?page_id=22","title":{"rendered":"SERVICIOS"},"content":{"rendered":"<article class=\"page-item page-item__\">\n<figure class=\"item_img img-full img-full__left item-image\"><span class=\"lazy_container lazyloaded\" style=\"width: 308px;\"><img decoding=\"async\" loading=\"lazy\" class=\"lazy alignleft\" style=\"display: block;\" src=\"http:\/\/localhost\/escobar\/images\/team\/furgonetaservicios.jpeg\" alt=\"\" width=\"422\" height=\"317\" \/><\/span><\/figure>\n<div class=\"item_fulltext\">\n<p>&nbsp;<\/p>\n<p>Nuestro objetivo es claro, cubrir las necesidades de nuestros clientes de fast food y restauraci\u00f3n con productos de la m\u00e1xima calidad pensados para agilizar y optimizar sus tareas.<\/p>\n<p>Ofrecemos adem\u00e1s un servicio adicional de publicidad en el lugar de venta en cartas y carteler\u00eda para incrementar la venta de los productos.<\/p>\n<p>En Exclusivas Escobar ofrecemos nuestros servicios a trav\u00e9s de nuestra red comercial en Levante y Murcia.<\/p>\n<p>&nbsp;<\/p>\n<\/div>\n<p><!-- Social Sharing --><\/p>\n<p><!-- Pagination --><\/p>\n<\/article>\n","protected":false},"excerpt":{"rendered":"<p>&nbsp; Nuestro objetivo es claro, cubrir las necesidades de nuestros clientes de fast food y restauraci\u00f3n con productos de la m\u00e1xima calidad pensados para agilizar y optimizar sus tareas. Ofrecemos adem\u00e1s un servicio adicional de publicidad en el lugar de venta en cartas y carteler\u00eda para incrementar la venta de los productos. En Exclusivas Escobar [&hellip;]<\/p>\n","protected":false},"author":1,"featured_media":0,"parent":0,"menu_order":0,"comment_status":"closed","ping_status":"closed","template":"page-templates\/no-sidebar.php","meta":{"footnotes":""},"_links":{"self":[{"href":"https:\/\/exclusivasescobar.com\/index.php?rest_route=\/wp\/v2\/pages\/22"}],"collection":[{"href":"https:\/\/exclusivasescobar.com\/index.php?rest_route=\/wp\/v2\/pages"}],"about":[{"href":"https:\/\/exclusivasescobar.com\/index.php?rest_route=\/wp\/v2\/types\/page"}],"author":[{"embeddable":true,"href":"https:\/\/exclusivasescobar.com\/index.php?rest_route=\/wp\/v2\/users\/1"}],"replies":[{"embeddable":true,"href":"https:\/\/exclusivasescobar.com\/index.php?rest_route=%2Fwp%2Fv2%2Fcomments&post=22"}],"version-history":[{"count":3,"href":"https:\/\/exclusivasescobar.com\/index.php?rest_route=\/wp\/v2\/pages\/22\/revisions"}],"predecessor-version":[{"id":513,"href":"https:\/\/exclusivasescobar.com\/index.php?rest_route=\/wp\/v2\/pages\/22\/revisions\/513"}],"wp:attachment":[{"href":"https:\/\/exclusivasescobar.com\/index.php?rest_route=%2Fwp%2Fv2%2Fmedia&parent=22"}],"curies":[{"name":"wp","href":"https:\/\/api.w.org\/{rel}","templated":true}]}}